{"id":1279,"date":"2020-05-14T10:00:04","date_gmt":"2020-05-14T08:00:04","guid":{"rendered":"https:\/\/exam2020.wpengine.com\/?page_id=1279"},"modified":"2020-06-11T18:24:04","modified_gmt":"2020-06-11T16:24:04","slug":"subject-teacher","status":"publish","type":"page","link":"https:\/\/2020.hdk-valand-graduation.se\/en\/subject-teacher\/","title":{"rendered":"Teacher Education"},"content":{"rendered":"[vc_row css=&#8221;.vc_custom_1567582051546{margin-top: 20px !important;}&#8221;][vc_column]<h1 class=\"vcex-heading vcex-module wpex-text-2xl wpex-font-normal wpex-m-auto wpex-max-w-100 vcex-heading-plain wpex-block wpex-text-center amnestitel\"><span class=\"vcex-heading-inner wpex-inline-block wpex-clr\">Teacher Education<\/span><\/h1>[vc_tta_accordion style=&#8221;flat&#8221; shape=&#8221;square&#8221; color=&#8221;white&#8221; c_align=&#8221;center&#8221; c_icon=&#8221;chevron&#8221; c_position=&#8221;right&#8221; active_section=&#8221;999&#8243; collapsible_all=&#8221;true&#8221; css=&#8221;.vc_custom_1589277836771{margin-top: 20px !important;margin-bottom: 40px !important;}&#8221;][vc_tta_section title=&#8221;About exam projects Teacher Education&#8221; tab_id=&#8221;1589277147518-2cb10ea4-070d1589294606963&#8243;][vc_column_text]\n<h3><span data-contrast=\"auto\">Art Teachers programme<\/span><\/h3>\n<p><b><span data-contrast=\"auto\">Art and Culture<\/span><\/b><b><span data-contrast=\"auto\"> for all is hard-core<\/span><\/b><span data-ccp-props=\"{&quot;201341983&quot;:0,&quot;335559739&quot;:160,&quot;335559740&quot;:259}\">\u00a0<\/span><\/p>\n<p><span data-contrast=\"auto\">T<\/span><span data-contrast=\"auto\">he vision and strategic goals<\/span><span data-contrast=\"auto\"> of the Art Faculty include the ambitious and bold statement: <\/span><i><span data-contrast=\"auto\">Art and Cult<\/span><\/i><i><span data-contrast=\"auto\">ure<\/span><\/i><i><span data-contrast=\"auto\"> for all!<\/span><\/i><span data-contrast=\"auto\"> When the students in the Art Teachers program at HDK-Valand <\/span><span data-contrast=\"auto\">Academy of Art and Design <\/span><span data-contrast=\"auto\">finalize their degree Master of Education in Visual Art, they become important pieces in a l<\/span><span data-contrast=\"auto\">arge puzzle to fulfill this vision<\/span><span data-contrast=\"auto\">. Th<\/span><span data-contrast=\"auto\">is degree will give<\/span><span data-contrast=\"auto\"> authorization to teach at the Upper Secondary Level of Educa<\/span><span data-contrast=\"auto\">tion in Visual Art, meaning that these students<\/span><span data-contrast=\"auto\"> will be part of shaping<\/span><span data-contrast=\"auto\"> of<\/span><span data-contrast=\"auto\"> the next generation of art and design students, as well as<\/span><span data-contrast=\"auto\"> contributing to the integration of <\/span><span data-contrast=\"auto\">knowledge of visual a<\/span><span data-contrast=\"auto\">rt into society.\u00a0<\/span><span data-ccp-props=\"{&quot;201341983&quot;:0,&quot;335559739&quot;:160,&quot;335559740&quot;:259}\">\u00a0<\/span><\/p>\n<p><span data-contrast=\"auto\">In their final exam, the students must<\/span><span data-contrast=\"auto\"> manage a<\/span><span data-contrast=\"auto\"> c<\/span><span data-contrast=\"auto\">omplex<\/span><span data-contrast=\"auto\"> assignment that combines a high level of<\/span><span data-contrast=\"auto\"> artistic practice, <\/span><span data-contrast=\"auto\">advanced knowledge about<\/span><span data-contrast=\"auto\"> scientific<\/span><span data-contrast=\"auto\"> th<\/span><span data-contrast=\"auto\">eories and<\/span><span data-contrast=\"auto\"> proven experience in the teaching profession. <\/span><span data-contrast=\"auto\">Beyond demonstrating their<\/span> <span data-contrast=\"auto\">own <\/span><span data-contrast=\"auto\">knowledge<\/span><span data-contrast=\"auto\">, the students of Art Education <\/span><span data-contrast=\"auto\">are expected<\/span><span data-contrast=\"auto\"> to demonstrate how to create<\/span><span data-contrast=\"auto\">, promote and sustain<\/span><span data-contrast=\"auto\"> an <\/span><span data-contrast=\"auto\">event<\/span> <span data-contrast=\"auto\">of learning<\/span><span data-contrast=\"auto\"> in Visual Art<\/span><span data-contrast=\"auto\"> for others<\/span><span data-contrast=\"auto\">. <\/span><span data-contrast=\"auto\">The methodology they use <\/span><span data-contrast=\"auto\">connect <\/span><span data-contrast=\"auto\">artistic practice, <\/span><span data-contrast=\"auto\">research and teaching,<\/span><span data-contrast=\"auto\"> enabling the students<\/span><span data-contrast=\"auto\"> to develop exiting levers to<\/span><span data-contrast=\"auto\"> inhabit the<\/span><span data-contrast=\"auto\"> professional toolbox<\/span><span data-contrast=\"auto\"> of art teachers<\/span><span data-contrast=\"auto\">. T<\/span><span data-contrast=\"auto\">he<\/span><span data-contrast=\"auto\">se<\/span><span data-contrast=\"auto\"> arts-based <\/span><span data-contrast=\"auto\">research <\/span><span data-contrast=\"auto\">methods <\/span><span data-contrast=\"auto\">adds and sustain<\/span> <span data-contrast=\"auto\">qualities<\/span><span data-contrast=\"auto\"> of integrity, sincerity, and (a<\/span><span data-contrast=\"auto\">)liveliness<\/span><span data-contrast=\"auto\">.\u00a0<\/span><span data-ccp-props=\"{&quot;201341983&quot;:0,&quot;335559739&quot;:160,&quot;335559740&quot;:259}\">\u00a0<\/span><\/p>\n<p><span data-contrast=\"auto\">To achieve the <\/span><span data-contrast=\"auto\">important <\/span><span data-contrast=\"auto\">goal of inclusion, constant development of <\/span><span data-contrast=\"auto\">all <\/span><span data-contrast=\"auto\">education is necessary. <\/span><span data-contrast=\"auto\">An inclusive education<\/span> <span data-contrast=\"auto\">needs<\/span><span data-contrast=\"auto\"> a \u201cScience of Friction\u201d, and <\/span><span data-contrast=\"auto\">the <\/span><span data-contrast=\"auto\">Master students<\/span><span data-contrast=\"auto\"> in the Art Teacher program knows how to handle <\/span><span data-contrast=\"auto\">friction<\/span><span data-contrast=\"auto\">. They work to achieve a vision that is hard-core<\/span><span data-contrast=\"auto\">, an art and culture<\/span><span data-contrast=\"auto\"> for all!<\/span><span data-ccp-props=\"{&quot;201341983&quot;:0,&quot;335559739&quot;:160,&quot;335559740&quot;:259}\">\u00a0<\/span><\/p>\n<p><span data-contrast=\"auto\">Kajsa G. Eriksson<\/span><span data-contrast=\"auto\">, Professor in Visual Art with <\/span><span data-contrast=\"auto\">specialisation<\/span><span data-contrast=\"auto\"> in Forms of Visual Art<\/span><span data-contrast=\"auto\">\u00a0<\/span><span data-ccp-props=\"{&quot;201341983&quot;:0,&quot;335559739&quot;:160,&quot;335559740&quot;:259}\">\u00a0<\/span><\/p>\n<p>Read more about the Teacher education, in Swedish: <a href=\"https:\/\/hdk-valand.gu.se\/utbildning\/lararutbildningar\">hdk-valand.gu.se\/utbildning\/lararutbildningar<\/a>[\/vc_column_text][\/vc_tta_section][\/vc_tta_accordion]<div class=\"vcex-module vcex-divider vcex-divider-solid wpex-max-w-100 wpex-mx-auto wpex-block wpex-h-0 wpex-border-b wpex-border-solid wpex-border-main\" style=\"margin-top:50px;margin-bottom:50px;border-color:#eeeeee;\"><\/div><div class=\"vcex-module vcex-post-type-grid-wrap wpex-clr\"><ul class=\"vcex-post-type-filter vcex-filter-links wpex-clr center\" style=\"font-size:18px;\"><li class=\"active\"><a href=\"#\" data-filter=\"*\" class=\"theme-txt-link\"><span>All programmes<\/span><\/a><\/li><li class=\"filter-cat-84\"><a href=\"#\" data-filter=\".cat-84\" class=\"theme-txt-link\">Teacher Education Visual Art<\/a><\/li><\/ul><div class=\"wpex-row vcex-post-type-grid entries wpex-clr vcex-isotope-grid\"><div class=\"vcex-post-type-entry vcex-grid-item wpex-clr col span_1_of_4 span_1_of_2_tl span_1_of_2_tp span_1_of_1_pl span_1_of_1_pp vcex-isotope-entry textcenter col-1 post-3169 entry type-post has-media cat-84 translation_priority-19\"><div class=\"vcex-post-type-entry-inner entry-inner wpex-first-mt-0 wpex-last-mb-0 wpex-clr\"><div class=\"vcex-post-type-entry-media entry-media wpex-image-hover fade-out\"><a href=\"https:\/\/2020.hdk-valand-graduation.se\/en\/malin-ahlin\/\" title=\"Malin Ahlin\"><img data-no-lazy=\"1\" class=\"vcex-blog-entry-img wpex-align-middle skip-lazy\" src=\"https:\/\/2020.hdk-valand-graduation.se\/wp-content\/uploads\/2020\/06\/malin-ahlin_sjalvportratt_malin-ahlin-Huvudbild-scaled-600x357.jpg\" alt=\"\" srcset=\"https:\/\/2020.hdk-valand-graduation.se\/wp-content\/uploads\/2020\/06\/malin-ahlin_sjalvportratt_malin-ahlin-Huvudbild-scaled-600x357.jpg 600w, https:\/\/2020.hdk-valand-graduation.se\/wp-content\/uploads\/2020\/06\/malin-ahlin_sjalvportratt_malin-ahlin-Huvudbild-300x178.jpg 300w, https:\/\/2020.hdk-valand-graduation.se\/wp-content\/uploads\/2020\/06\/malin-ahlin_sjalvportratt_malin-ahlin-Huvudbild-scaled-1280x762.jpg 1280w, https:\/\/2020.hdk-valand-graduation.se\/wp-content\/uploads\/2020\/06\/malin-ahlin_sjalvportratt_malin-ahlin-Huvudbild-768x457.jpg 768w, https:\/\/2020.hdk-valand-graduation.se\/wp-content\/uploads\/2020\/06\/malin-ahlin_sjalvportratt_malin-ahlin-Huvudbild-1536x914.jpg 1536w, https:\/\/2020.hdk-valand-graduation.se\/wp-content\/uploads\/2020\/06\/malin-ahlin_sjalvportratt_malin-ahlin-Huvudbild-2048x1218.jpg 2048w, https:\/\/2020.hdk-valand-graduation.se\/wp-content\/uploads\/2020\/06\/malin-ahlin_sjalvportratt_malin-ahlin-Huvudbild-scaled-700x416.jpg 700w, https:\/\/2020.hdk-valand-graduation.se\/wp-content\/uploads\/2020\/06\/malin-ahlin_sjalvportratt_malin-ahlin-Huvudbild-scaled-1345x800.jpg 1345w\" width=\"600\" height=\"357\"><\/a><\/div><div class=\"vcex-post-type-entry-details entry-details wpex-bordered wpex-first-mt-0 wpex-last-mb-0 wpex-clr vc_custom_1590485881188\"><h2 class=\"vcex-post-type-entry-title entry-title wpex-mb-5\" ><a href=\"https:\/\/2020.hdk-valand-graduation.se\/en\/malin-ahlin\/\">Malin Ahlin<\/a><\/h2 ><div class=\"vcex-post-type-entry-categories entry-categories wpex-text-sm wpex-leading-tight wpex-text-3 wpex-child-inherit-color wpex-mb-5\" style=\"margin-top:10px;margin-bottom:10px;font-size:18px;color:#bababa;\"><span class=\"term-84\">Teacher Education Visual Art<\/span><\/div><\/div><\/div><\/div><div class=\"vcex-post-type-entry vcex-grid-item wpex-clr col span_1_of_4 span_1_of_2_tl span_1_of_2_tp span_1_of_1_pl span_1_of_1_pp vcex-isotope-entry textcenter col-2 post-3181 entry type-post has-media cat-84 translation_priority-19\"><div class=\"vcex-post-type-entry-inner entry-inner wpex-first-mt-0 wpex-last-mb-0 wpex-clr\"><div class=\"vcex-post-type-entry-media entry-media wpex-image-hover fade-out\"><a href=\"https:\/\/2020.hdk-valand-graduation.se\/en\/sanna-alevang\/\" title=\"Sanna Alev\u00e5ng\"><img data-no-lazy=\"1\" class=\"vcex-blog-entry-img wpex-align-middle skip-lazy\" src=\"https:\/\/2020.hdk-valand-graduation.se\/wp-content\/uploads\/2020\/06\/Sanna_Alevang_Skogen_HUVUDBILD-600x400.jpg\" alt=\"\" srcset=\"https:\/\/2020.hdk-valand-graduation.se\/wp-content\/uploads\/2020\/06\/Sanna_Alevang_Skogen_HUVUDBILD-600x400.jpg 600w, https:\/\/2020.hdk-valand-graduation.se\/wp-content\/uploads\/2020\/06\/Sanna_Alevang_Skogen_HUVUDBILD-300x200.jpg 300w, https:\/\/2020.hdk-valand-graduation.se\/wp-content\/uploads\/2020\/06\/Sanna_Alevang_Skogen_HUVUDBILD-1280x854.jpg 1280w, https:\/\/2020.hdk-valand-graduation.se\/wp-content\/uploads\/2020\/06\/Sanna_Alevang_Skogen_HUVUDBILD-768x513.jpg 768w, https:\/\/2020.hdk-valand-graduation.se\/wp-content\/uploads\/2020\/06\/Sanna_Alevang_Skogen_HUVUDBILD-700x467.jpg 700w, https:\/\/2020.hdk-valand-graduation.se\/wp-content\/uploads\/2020\/06\/Sanna_Alevang_Skogen_HUVUDBILD-1199x800.jpg 1199w, https:\/\/2020.hdk-valand-graduation.se\/wp-content\/uploads\/2020\/06\/Sanna_Alevang_Skogen_HUVUDBILD.jpg 1500w\" width=\"600\" height=\"400\"><\/a><\/div><div class=\"vcex-post-type-entry-details entry-details wpex-bordered wpex-first-mt-0 wpex-last-mb-0 wpex-clr vc_custom_1590485881188\"><h2 class=\"vcex-post-type-entry-title entry-title wpex-mb-5\" ><a href=\"https:\/\/2020.hdk-valand-graduation.se\/en\/sanna-alevang\/\">Sanna Alev\u00e5ng<\/a><\/h2 ><div class=\"vcex-post-type-entry-categories entry-categories wpex-text-sm wpex-leading-tight wpex-text-3 wpex-child-inherit-color wpex-mb-5\" style=\"margin-top:10px;margin-bottom:10px;font-size:18px;color:#bababa;\"><span class=\"term-84\">Teacher Education Visual Art<\/span><\/div><\/div><\/div><\/div><div class=\"vcex-post-type-entry vcex-grid-item wpex-clr col span_1_of_4 span_1_of_2_tl span_1_of_2_tp span_1_of_1_pl span_1_of_1_pp vcex-isotope-entry textcenter col-3 post-3144 entry type-post has-media cat-84 translation_priority-19\"><div class=\"vcex-post-type-entry-inner entry-inner wpex-first-mt-0 wpex-last-mb-0 wpex-clr\"><div class=\"vcex-post-type-entry-media entry-media wpex-image-hover fade-out\"><a href=\"https:\/\/2020.hdk-valand-graduation.se\/en\/helene-ryden\/\" title=\"Helene Ryd\u00e9n\"><img data-no-lazy=\"1\" class=\"vcex-blog-entry-img wpex-align-middle skip-lazy\" src=\"https:\/\/2020.hdk-valand-graduation.se\/wp-content\/uploads\/2020\/06\/Heleneryden_zinefolded-scaled-600x400.jpg\" alt=\"\" srcset=\"https:\/\/2020.hdk-valand-graduation.se\/wp-content\/uploads\/2020\/06\/Heleneryden_zinefolded-scaled-600x400.jpg 600w, https:\/\/2020.hdk-valand-graduation.se\/wp-content\/uploads\/2020\/06\/Heleneryden_zinefolded-300x200.jpg 300w, https:\/\/2020.hdk-valand-graduation.se\/wp-content\/uploads\/2020\/06\/Heleneryden_zinefolded-scaled-1280x854.jpg 1280w, https:\/\/2020.hdk-valand-graduation.se\/wp-content\/uploads\/2020\/06\/Heleneryden_zinefolded-768x512.jpg 768w, https:\/\/2020.hdk-valand-graduation.se\/wp-content\/uploads\/2020\/06\/Heleneryden_zinefolded-1536x1024.jpg 1536w, https:\/\/2020.hdk-valand-graduation.se\/wp-content\/uploads\/2020\/06\/Heleneryden_zinefolded-2048x1365.jpg 2048w, https:\/\/2020.hdk-valand-graduation.se\/wp-content\/uploads\/2020\/06\/Heleneryden_zinefolded-scaled-1200x800.jpg 1200w, https:\/\/2020.hdk-valand-graduation.se\/wp-content\/uploads\/2020\/06\/Heleneryden_zinefolded-scaled-700x467.jpg 700w, https:\/\/2020.hdk-valand-graduation.se\/wp-content\/uploads\/2020\/06\/Heleneryden_zinefolded-scaled-1199x800.jpg 1199w\" width=\"600\" height=\"400\"><\/a><\/div><div class=\"vcex-post-type-entry-details entry-details wpex-bordered wpex-first-mt-0 wpex-last-mb-0 wpex-clr vc_custom_1590485881188\"><h2 class=\"vcex-post-type-entry-title entry-title wpex-mb-5\" ><a href=\"https:\/\/2020.hdk-valand-graduation.se\/en\/helene-ryden\/\">Helene Ryd\u00e9n<\/a><\/h2 ><div class=\"vcex-post-type-entry-categories entry-categories wpex-text-sm wpex-leading-tight wpex-text-3 wpex-child-inherit-color wpex-mb-5\" style=\"margin-top:10px;margin-bottom:10px;font-size:18px;color:#bababa;\"><span class=\"term-84\">Teacher Education Visual Art<\/span><\/div><\/div><\/div><\/div><\/div><\/div>[\/vc_column][\/vc_row]\n","protected":false},"excerpt":{"rendered":"<p>[vc_row css=&#8221;.vc_custom_1567582051546{margin-top: 20px !important;}&#8221;][vc_column][vc_tta_accordion style=&#8221;flat&#8221; shape=&#8221;square&#8221; color=&#8221;white&#8221; c_align=&#8221;center&#8221; c_icon=&#8221;chevron&#8221; c_position=&#8221;right&#8221; active_section=&#8221;999&#8243; collapsible_all=&#8221;true&#8221; css=&#8221;.vc_custom_1589277836771{margin-top: 20px !important;margin-bottom: 40px !important;}&#8221;][vc_tta_section title=&#8221;About exam projects Teacher Education&#8221; tab_id=&#8221;1589277147518-2cb10ea4-070d1589294606963&#8243;][vc_column_text] Art Teachers programme Art and Culture for all is hard-core\u00a0 The vision and strategic goals of the Art Faculty include the ambitious and bold statement: Art and Culture for all! When the&hellip;<\/p>\n","protected":false},"author":1,"featured_media":4021,"parent":0,"menu_order":0,"comment_status":"closed","ping_status":"closed","template":"","meta":[],"yoast_head":"<!-- This site is optimized with the Yoast SEO plugin v18.9 - https:\/\/yoast.com\/wordpress\/plugins\/seo\/ -->\n<title>Exam Projects 2020 - Teacher Education<\/title>\n<meta name=\"description\" content=\"HDK-Valand ger dig n\u00e5got annat \u00e4n en utst\u00e4llning, ett digitalt f\u00f6nster d\u00e4r studenterna ger en f\u00f6rsmak av sina konstn\u00e4rliga praktiker.\" \/>\n<meta name=\"robots\" content=\"noindex, follow, max-snippet:-1, max-image-preview:large, max-video-preview:-1\" \/>\n<meta property=\"og:locale\" content=\"en_US\" \/>\n<meta property=\"og:type\" content=\"article\" \/>\n<meta property=\"og:title\" content=\"Exam Projects 2020 - Teacher Education\" \/>\n<meta property=\"og:description\" content=\"HDK-Valand ger dig n\u00e5got annat \u00e4n en utst\u00e4llning, ett digitalt f\u00f6nster d\u00e4r studenterna ger en f\u00f6rsmak av sina konstn\u00e4rliga praktiker.\" \/>\n<meta property=\"og:url\" content=\"https:\/\/2020.hdk-valand-graduation.se\/en\/subject-teacher\/\" \/>\n<meta property=\"og:site_name\" content=\"Exam Projects 2020\" \/>\n<meta property=\"article:modified_time\" content=\"2020-06-11T16:24:04+00:00\" \/>\n<meta property=\"og:image\" content=\"https:\/\/2020.hdk-valand-graduation.se\/wp-content\/uploads\/2020\/06\/exam2020_og_image_1300x630-1.png\" \/>\n\t<meta property=\"og:image:width\" content=\"1200\" \/>\n\t<meta property=\"og:image:height\" content=\"630\" \/>\n\t<meta property=\"og:image:type\" content=\"image\/png\" \/>\n<meta name=\"twitter:card\" content=\"summary_large_image\" \/>\n<meta name=\"twitter:label1\" content=\"Est. reading time\" \/>\n\t<meta name=\"twitter:data1\" content=\"3 minutes\" \/>\n<script type=\"application\/ld+json\" class=\"yoast-schema-graph\">{\"@context\":\"https:\/\/schema.org\",\"@graph\":[{\"@type\":\"Organization\",\"@id\":\"https:\/\/2020.hdk-valand-graduation.se\/#organization\",\"name\":\"HDK-Valand\",\"url\":\"https:\/\/2020.hdk-valand-graduation.se\/\",\"sameAs\":[],\"logo\":{\"@type\":\"ImageObject\",\"inLanguage\":\"en-US\",\"@id\":\"https:\/\/2020.hdk-valand-graduation.se\/#\/schema\/logo\/image\/\",\"url\":\"https:\/\/2020.hdk-valand-graduation.se\/wp-content\/uploads\/2020\/05\/1498141_ny_logo_sv_high.png\",\"contentUrl\":\"https:\/\/2020.hdk-valand-graduation.se\/wp-content\/uploads\/2020\/05\/1498141_ny_logo_sv_high.png\",\"width\":254,\"height\":258,\"caption\":\"HDK-Valand\"},\"image\":{\"@id\":\"https:\/\/2020.hdk-valand-graduation.se\/#\/schema\/logo\/image\/\"}},{\"@type\":\"WebSite\",\"@id\":\"https:\/\/2020.hdk-valand-graduation.se\/#website\",\"url\":\"https:\/\/2020.hdk-valand-graduation.se\/\",\"name\":\"Exam Projects 2020\",\"description\":\"HDK-Valand\",\"publisher\":{\"@id\":\"https:\/\/2020.hdk-valand-graduation.se\/#organization\"},\"potentialAction\":[{\"@type\":\"SearchAction\",\"target\":{\"@type\":\"EntryPoint\",\"urlTemplate\":\"https:\/\/2020.hdk-valand-graduation.se\/?s={search_term_string}\"},\"query-input\":\"required name=search_term_string\"}],\"inLanguage\":\"en-US\"},{\"@type\":\"ImageObject\",\"inLanguage\":\"en-US\",\"@id\":\"https:\/\/2020.hdk-valand-graduation.se\/en\/subject-teacher\/#primaryimage\",\"url\":\"https:\/\/2020.hdk-valand-graduation.se\/wp-content\/uploads\/2020\/06\/exam2020_og_image_1300x630-1.png\",\"contentUrl\":\"https:\/\/2020.hdk-valand-graduation.se\/wp-content\/uploads\/2020\/06\/exam2020_og_image_1300x630-1.png\",\"width\":1200,\"height\":630,\"caption\":\"HDK-Valand Exam Projects 2020\"},{\"@type\":\"WebPage\",\"@id\":\"https:\/\/2020.hdk-valand-graduation.se\/en\/subject-teacher\/#webpage\",\"url\":\"https:\/\/2020.hdk-valand-graduation.se\/en\/subject-teacher\/\",\"name\":\"Exam Projects 2020 - Teacher Education\",\"isPartOf\":{\"@id\":\"https:\/\/2020.hdk-valand-graduation.se\/#website\"},\"primaryImageOfPage\":{\"@id\":\"https:\/\/2020.hdk-valand-graduation.se\/en\/subject-teacher\/#primaryimage\"},\"datePublished\":\"2020-05-14T08:00:04+00:00\",\"dateModified\":\"2020-06-11T16:24:04+00:00\",\"description\":\"HDK-Valand ger dig n\u00e5got annat \u00e4n en utst\u00e4llning, ett digitalt f\u00f6nster d\u00e4r studenterna ger en f\u00f6rsmak av sina konstn\u00e4rliga praktiker.\",\"breadcrumb\":{\"@id\":\"https:\/\/2020.hdk-valand-graduation.se\/en\/subject-teacher\/#breadcrumb\"},\"inLanguage\":\"en-US\",\"potentialAction\":[{\"@type\":\"ReadAction\",\"target\":[\"https:\/\/2020.hdk-valand-graduation.se\/en\/subject-teacher\/\"]}]},{\"@type\":\"BreadcrumbList\",\"@id\":\"https:\/\/2020.hdk-valand-graduation.se\/en\/subject-teacher\/#breadcrumb\",\"itemListElement\":[{\"@type\":\"ListItem\",\"position\":1,\"name\":\"Hem\",\"item\":\"https:\/\/2020.hdk-valand-graduation.se\/en\/\"},{\"@type\":\"ListItem\",\"position\":2,\"name\":\"Teacher Education\"}]}]}<\/script>\n<!-- \/ Yoast SEO plugin. -->","yoast_head_json":{"title":"Exam Projects 2020 - Teacher Education","description":"HDK-Valand ger dig n\u00e5got annat \u00e4n en utst\u00e4llning, ett digitalt f\u00f6nster d\u00e4r studenterna ger en f\u00f6rsmak av sina konstn\u00e4rliga praktiker.","robots":{"index":"noindex","follow":"follow","max-snippet":"max-snippet:-1","max-image-preview":"max-image-preview:large","max-video-preview":"max-video-preview:-1"},"og_locale":"en_US","og_type":"article","og_title":"Exam Projects 2020 - Teacher Education","og_description":"HDK-Valand ger dig n\u00e5got annat \u00e4n en utst\u00e4llning, ett digitalt f\u00f6nster d\u00e4r studenterna ger en f\u00f6rsmak av sina konstn\u00e4rliga praktiker.","og_url":"https:\/\/2020.hdk-valand-graduation.se\/en\/subject-teacher\/","og_site_name":"Exam Projects 2020","article_modified_time":"2020-06-11T16:24:04+00:00","og_image":[{"width":1200,"height":630,"url":"https:\/\/2020.hdk-valand-graduation.se\/wp-content\/uploads\/2020\/06\/exam2020_og_image_1300x630-1.png","type":"image\/png"}],"twitter_card":"summary_large_image","twitter_misc":{"Est. reading time":"3 minutes"},"schema":{"@context":"https:\/\/schema.org","@graph":[{"@type":"Organization","@id":"https:\/\/2020.hdk-valand-graduation.se\/#organization","name":"HDK-Valand","url":"https:\/\/2020.hdk-valand-graduation.se\/","sameAs":[],"logo":{"@type":"ImageObject","inLanguage":"en-US","@id":"https:\/\/2020.hdk-valand-graduation.se\/#\/schema\/logo\/image\/","url":"https:\/\/2020.hdk-valand-graduation.se\/wp-content\/uploads\/2020\/05\/1498141_ny_logo_sv_high.png","contentUrl":"https:\/\/2020.hdk-valand-graduation.se\/wp-content\/uploads\/2020\/05\/1498141_ny_logo_sv_high.png","width":254,"height":258,"caption":"HDK-Valand"},"image":{"@id":"https:\/\/2020.hdk-valand-graduation.se\/#\/schema\/logo\/image\/"}},{"@type":"WebSite","@id":"https:\/\/2020.hdk-valand-graduation.se\/#website","url":"https:\/\/2020.hdk-valand-graduation.se\/","name":"Exam Projects 2020","description":"HDK-Valand","publisher":{"@id":"https:\/\/2020.hdk-valand-graduation.se\/#organization"},"potentialAction":[{"@type":"SearchAction","target":{"@type":"EntryPoint","urlTemplate":"https:\/\/2020.hdk-valand-graduation.se\/?s={search_term_string}"},"query-input":"required name=search_term_string"}],"inLanguage":"en-US"},{"@type":"ImageObject","inLanguage":"en-US","@id":"https:\/\/2020.hdk-valand-graduation.se\/en\/subject-teacher\/#primaryimage","url":"https:\/\/2020.hdk-valand-graduation.se\/wp-content\/uploads\/2020\/06\/exam2020_og_image_1300x630-1.png","contentUrl":"https:\/\/2020.hdk-valand-graduation.se\/wp-content\/uploads\/2020\/06\/exam2020_og_image_1300x630-1.png","width":1200,"height":630,"caption":"HDK-Valand Exam Projects 2020"},{"@type":"WebPage","@id":"https:\/\/2020.hdk-valand-graduation.se\/en\/subject-teacher\/#webpage","url":"https:\/\/2020.hdk-valand-graduation.se\/en\/subject-teacher\/","name":"Exam Projects 2020 - Teacher Education","isPartOf":{"@id":"https:\/\/2020.hdk-valand-graduation.se\/#website"},"primaryImageOfPage":{"@id":"https:\/\/2020.hdk-valand-graduation.se\/en\/subject-teacher\/#primaryimage"},"datePublished":"2020-05-14T08:00:04+00:00","dateModified":"2020-06-11T16:24:04+00:00","description":"HDK-Valand ger dig n\u00e5got annat \u00e4n en utst\u00e4llning, ett digitalt f\u00f6nster d\u00e4r studenterna ger en f\u00f6rsmak av sina konstn\u00e4rliga praktiker.","breadcrumb":{"@id":"https:\/\/2020.hdk-valand-graduation.se\/en\/subject-teacher\/#breadcrumb"},"inLanguage":"en-US","potentialAction":[{"@type":"ReadAction","target":["https:\/\/2020.hdk-valand-graduation.se\/en\/subject-teacher\/"]}]},{"@type":"BreadcrumbList","@id":"https:\/\/2020.hdk-valand-graduation.se\/en\/subject-teacher\/#breadcrumb","itemListElement":[{"@type":"ListItem","position":1,"name":"Hem","item":"https:\/\/2020.hdk-valand-graduation.se\/en\/"},{"@type":"ListItem","position":2,"name":"Teacher Education"}]}]}},"_links":{"self":[{"href":"https:\/\/2020.hdk-valand-graduation.se\/en\/wp-json\/wp\/v2\/pages\/1279"}],"collection":[{"href":"https:\/\/2020.hdk-valand-graduation.se\/en\/wp-json\/wp\/v2\/pages"}],"about":[{"href":"https:\/\/2020.hdk-valand-graduation.se\/en\/wp-json\/wp\/v2\/types\/page"}],"author":[{"embeddable":true,"href":"https:\/\/2020.hdk-valand-graduation.se\/en\/wp-json\/wp\/v2\/users\/1"}],"replies":[{"embeddable":true,"href":"https:\/\/2020.hdk-valand-graduation.se\/en\/wp-json\/wp\/v2\/comments?post=1279"}],"version-history":[{"count":1,"href":"https:\/\/2020.hdk-valand-graduation.se\/en\/wp-json\/wp\/v2\/pages\/1279\/revisions"}],"predecessor-version":[{"id":3232,"href":"https:\/\/2020.hdk-valand-graduation.se\/en\/wp-json\/wp\/v2\/pages\/1279\/revisions\/3232"}],"wp:featuredmedia":[{"embeddable":true,"href":"https:\/\/2020.hdk-valand-graduation.se\/en\/wp-json\/wp\/v2\/media\/4021"}],"wp:attachment":[{"href":"https:\/\/2020.hdk-valand-graduation.se\/en\/wp-json\/wp\/v2\/media?parent=1279"}],"curies":[{"name":"wp","href":"https:\/\/api.w.org\/{rel}","templated":true}]}}