{"id":1284,"date":"2020-05-14T10:14:41","date_gmt":"2020-05-14T08:14:41","guid":{"rendered":"https:\/\/exam2020.wpengine.com\/?page_id=1284"},"modified":"2020-06-09T20:23:10","modified_gmt":"2020-06-09T18:23:10","slug":"literary-composition","status":"publish","type":"page","link":"https:\/\/2020.hdk-valand-graduation.se\/en\/literary-composition\/","title":{"rendered":"Literary Composition"},"content":{"rendered":"[vc_row css=&#8221;.vc_custom_1567582051546{margin-top: 20px !important;}&#8221;][vc_column]<h1 class=\"vcex-heading vcex-module wpex-text-2xl wpex-font-normal wpex-m-auto wpex-max-w-100 vcex-heading-plain wpex-block wpex-text-center amnestitel\"><span class=\"vcex-heading-inner wpex-inline-block wpex-clr\">Literary Composition<\/span><\/h1>[vc_tta_accordion style=&#8221;flat&#8221; shape=&#8221;square&#8221; color=&#8221;white&#8221; c_align=&#8221;center&#8221; c_icon=&#8221;chevron&#8221; c_position=&#8221;right&#8221; active_section=&#8221;999&#8243; collapsible_all=&#8221;true&#8221; css=&#8221;.vc_custom_1589277836771{margin-top: 20px !important;margin-bottom: 40px !important;}&#8221;][vc_tta_section title=&#8221;About exam projects Literary Composition&#8221; tab_id=&#8221;1589277147518-2cb10ea4-070d1589294475674&#8243;][vc_column_text]<span class=\"TextRun SCXW27261668 BCX4\" lang=\"SV-SE\" xml:lang=\"SV-SE\" data-contrast=\"none\"><span class=\"SpellingError SCXW27261668 BCX4\">Masterprogrammet<\/span><span class=\"NormalTextRun SCXW27261668 BCX4\"> i Litter\u00e4r gestaltning \u00e4r en tv\u00e5-\u00e5rig utbildning i l\u00e4sande och skrivande. Den v\u00e4nder sig till f\u00f6rfattare som skriver poesi, prosa, dramatik eller ess\u00e4istik p\u00e5 svenska, norska och danska. Utbildningen bygger i h\u00f6g grad p\u00e5 l\u00e5nga, \u00e5terkommande samtal om studenternas sk\u00f6nlitter\u00e4ra texter under arbete.<\/span><\/span><span class=\"LineBreakBlob BlobObject DragDrop SCXW27261668 BCX4\"><span class=\"SCXW27261668 BCX4\">\u00a0<\/span><\/span><span class=\"TextRun SCXW27261668 BCX4\" lang=\"SV-SE\" xml:lang=\"SV-SE\" data-contrast=\"none\"><span class=\"NormalTextRun SCXW27261668 BCX4\">De undervisande l\u00e4rarna och handledarna vid programmet \u00e4r sj\u00e4lva verksamma som f\u00f6rfattare.<\/span><\/span><span class=\"LineBreakBlob BlobObject DragDrop SCXW27261668 BCX4\"><span class=\"SCXW27261668 BCX4\">\u00a0<\/span><\/span><\/p>\n<p><span class=\"TextRun SCXW27261668 BCX4\" lang=\"SV-SE\" xml:lang=\"SV-SE\" data-contrast=\"none\"><span class=\"NormalTextRun SCXW27261668 BCX4\">Utbildningens avslutas med en examensuppl\u00e4sning d\u00e4r studenterna l\u00e4ser sina texter. I \u00e5r <\/span><span class=\"SpellingError SCXW27261668 BCX4\">streamades<\/span><span class=\"NormalTextRun SCXW27261668 BCX4\"> den via G\u00f6teborgs Litteraturhus.<\/span><\/span><span class=\"EOP SCXW27261668 BCX4\" data-ccp-props=\"{&quot;201341983&quot;:0,&quot;335559739&quot;:160,&quot;335559740&quot;:259}\">\u00a0<\/span><\/p>\n<p>Read more about the\u00a0MFA programme in Literary Composition<span class=\"TextRun SCXW27261668 BCX4\" lang=\"SV-SE\" xml:lang=\"SV-SE\" data-contrast=\"none\"><span class=\"NormalTextRun SCXW27261668 BCX4\">: <a href=\"https:\/\/hdk-valand.gu.se\/english\/education\/master\/literary-composition\">https:\/\/hdk-valand.gu.se\/english\/education\/master\/literary-composition<\/a><\/span><\/span>[\/vc_column_text][\/vc_tta_section][\/vc_tta_accordion]<div class=\"vcex-module vcex-divider vcex-divider-solid wpex-max-w-100 wpex-mx-auto wpex-block wpex-h-0 wpex-border-b wpex-border-solid wpex-border-main\" style=\"margin-top:50px;margin-bottom:50px;border-color:#eeeeee;\"><\/div><div class=\"vcex-module vcex-post-type-grid-wrap wpex-clr\"><ul class=\"vcex-post-type-filter vcex-filter-links wpex-clr center\" style=\"font-size:18px;\"><li class=\"active\"><a href=\"#\" data-filter=\"*\" class=\"theme-txt-link\"><span>All programmes<\/span><\/a><\/li><li class=\"filter-cat-77\"><a href=\"#\" data-filter=\".cat-77\" class=\"theme-txt-link\">MFA Literary Composition<\/a><\/li><\/ul><div class=\"wpex-row vcex-post-type-grid entries wpex-clr vcex-isotope-grid\"><div class=\"vcex-post-type-entry vcex-grid-item wpex-clr col span_1_of_4 span_1_of_2_tl span_1_of_2_tp span_1_of_1_pl span_1_of_1_pp vcex-isotope-entry textcenter col-1 post-3378 entry type-post has-media cat-77 translation_priority-19\"><div class=\"vcex-post-type-entry-inner entry-inner wpex-first-mt-0 wpex-last-mb-0 wpex-clr\"><div class=\"vcex-post-type-entry-media entry-media wpex-image-hover fade-out\"><a href=\"https:\/\/2020.hdk-valand-graduation.se\/en\/lorena-toro-meneses\/\" title=\"Lorena Toro Meneses\"><img data-no-lazy=\"1\" class=\"vcex-blog-entry-img wpex-align-middle skip-lazy\" src=\"https:\/\/2020.hdk-valand-graduation.se\/wp-content\/uploads\/2020\/06\/bild1-600x424.png\" alt=\"\" srcset=\"https:\/\/2020.hdk-valand-graduation.se\/wp-content\/uploads\/2020\/06\/bild1-600x424.png 600w, https:\/\/2020.hdk-valand-graduation.se\/wp-content\/uploads\/2020\/06\/bild1-300x212.png 300w, https:\/\/2020.hdk-valand-graduation.se\/wp-content\/uploads\/2020\/06\/bild1-1280x905.png 1280w, https:\/\/2020.hdk-valand-graduation.se\/wp-content\/uploads\/2020\/06\/bild1-768x543.png 768w, https:\/\/2020.hdk-valand-graduation.se\/wp-content\/uploads\/2020\/06\/bild1-1536x1086.png 1536w, https:\/\/2020.hdk-valand-graduation.se\/wp-content\/uploads\/2020\/06\/bild1-2048x1448.png 2048w, https:\/\/2020.hdk-valand-graduation.se\/wp-content\/uploads\/2020\/06\/bild1-700x495.png 700w, https:\/\/2020.hdk-valand-graduation.se\/wp-content\/uploads\/2020\/06\/bild1-1131x800.png 1131w\" width=\"600\" height=\"424\"><\/a><\/div><div class=\"vcex-post-type-entry-details entry-details wpex-bordered wpex-first-mt-0 wpex-last-mb-0 wpex-clr vc_custom_1589454262142\"><h2 class=\"vcex-post-type-entry-title entry-title wpex-mb-5\" ><a href=\"https:\/\/2020.hdk-valand-graduation.se\/en\/lorena-toro-meneses\/\">Lorena Toro Meneses<\/a><\/h2 ><div class=\"vcex-post-type-entry-categories entry-categories wpex-text-sm wpex-leading-tight wpex-text-3 wpex-child-inherit-color wpex-mb-5\" style=\"margin-top:10px;margin-bottom:10px;font-size:18px;color:#bababa;\"><span class=\"term-77\">MFA Literary Composition<\/span><\/div><\/div><\/div><\/div><div class=\"vcex-post-type-entry vcex-grid-item wpex-clr col span_1_of_4 span_1_of_2_tl span_1_of_2_tp span_1_of_1_pl span_1_of_1_pp vcex-isotope-entry textcenter col-2 post-3815 entry type-post has-media cat-77 translation_priority-19\"><div class=\"vcex-post-type-entry-inner entry-inner wpex-first-mt-0 wpex-last-mb-0 wpex-clr\"><div class=\"vcex-post-type-entry-media entry-media wpex-image-hover fade-out\"><a href=\"https:\/\/2020.hdk-valand-graduation.se\/en\/therese-bakevol\/\" title=\"Therese Bakkevol\"><img data-no-lazy=\"1\" class=\"vcex-blog-entry-img wpex-align-middle skip-lazy\" src=\"https:\/\/2020.hdk-valand-graduation.se\/wp-content\/uploads\/2020\/06\/103258686_260233278392093_6327260304952949618_n-1.jpg\" alt=\"\" srcset=\"https:\/\/2020.hdk-valand-graduation.se\/wp-content\/uploads\/2020\/06\/103258686_260233278392093_6327260304952949618_n-1.jpg 280w, https:\/\/2020.hdk-valand-graduation.se\/wp-content\/uploads\/2020\/06\/103258686_260233278392093_6327260304952949618_n-1-225x300.jpg 225w\" width=\"280\" height=\"373\"><\/a><\/div><div class=\"vcex-post-type-entry-details entry-details wpex-bordered wpex-first-mt-0 wpex-last-mb-0 wpex-clr vc_custom_1589454262142\"><h2 class=\"vcex-post-type-entry-title entry-title wpex-mb-5\" ><a href=\"https:\/\/2020.hdk-valand-graduation.se\/en\/therese-bakevol\/\">Therese Bakkevol<\/a><\/h2 ><div class=\"vcex-post-type-entry-categories entry-categories wpex-text-sm wpex-leading-tight wpex-text-3 wpex-child-inherit-color wpex-mb-5\" style=\"margin-top:10px;margin-bottom:10px;font-size:18px;color:#bababa;\"><span class=\"term-77\">MFA Literary Composition<\/span><\/div><\/div><\/div><\/div><\/div><\/div>[\/vc_column][\/vc_row]\n","protected":false},"excerpt":{"rendered":"<p>[vc_row css=&#8221;.vc_custom_1567582051546{margin-top: 20px !important;}&#8221;][vc_column][vc_tta_accordion style=&#8221;flat&#8221; shape=&#8221;square&#8221; color=&#8221;white&#8221; c_align=&#8221;center&#8221; c_icon=&#8221;chevron&#8221; c_position=&#8221;right&#8221; active_section=&#8221;999&#8243; collapsible_all=&#8221;true&#8221; css=&#8221;.vc_custom_1589277836771{margin-top: 20px !important;margin-bottom: 40px !important;}&#8221;][vc_tta_section title=&#8221;About exam projects Literary Composition&#8221; tab_id=&#8221;1589277147518-2cb10ea4-070d1589294475674&#8243;][vc_column_text]Masterprogrammet i Litter\u00e4r gestaltning \u00e4r en tv\u00e5-\u00e5rig utbildning i l\u00e4sande och skrivande. Den v\u00e4nder sig till f\u00f6rfattare som skriver poesi, prosa, dramatik eller ess\u00e4istik p\u00e5 svenska, norska och danska. Utbildningen bygger i h\u00f6g&hellip;<\/p>\n","protected":false},"author":1,"featured_media":4021,"parent":0,"menu_order":0,"comment_status":"closed","ping_status":"closed","template":"","meta":[],"yoast_head":"<!-- This site is optimized with the Yoast SEO plugin v18.9 - https:\/\/yoast.com\/wordpress\/plugins\/seo\/ -->\n<title>Exam Projects 2020 - Literary Composition<\/title>\n<meta name=\"description\" content=\"HDK-Valand ger dig n\u00e5got annat \u00e4n en utst\u00e4llning, ett digitalt f\u00f6nster d\u00e4r studenterna ger en f\u00f6rsmak av sina konstn\u00e4rliga praktiker.\" \/>\n<meta name=\"robots\" content=\"noindex, follow, max-snippet:-1, max-image-preview:large, max-video-preview:-1\" \/>\n<meta property=\"og:locale\" content=\"en_US\" \/>\n<meta property=\"og:type\" content=\"article\" \/>\n<meta property=\"og:title\" content=\"Exam Projects 2020 - Literary Composition\" \/>\n<meta property=\"og:description\" content=\"HDK-Valand ger dig n\u00e5got annat \u00e4n en utst\u00e4llning, ett digitalt f\u00f6nster d\u00e4r studenterna ger en f\u00f6rsmak av sina konstn\u00e4rliga praktiker.\" \/>\n<meta property=\"og:url\" content=\"https:\/\/2020.hdk-valand-graduation.se\/en\/literary-composition\/\" \/>\n<meta property=\"og:site_name\" content=\"Exam Projects 2020\" \/>\n<meta property=\"article:modified_time\" content=\"2020-06-09T18:23:10+00:00\" \/>\n<meta property=\"og:image\" content=\"https:\/\/2020.hdk-valand-graduation.se\/wp-content\/uploads\/2020\/06\/exam2020_og_image_1300x630-1.png\" \/>\n\t<meta property=\"og:image:width\" content=\"1200\" \/>\n\t<meta property=\"og:image:height\" content=\"630\" \/>\n\t<meta property=\"og:image:type\" content=\"image\/png\" \/>\n<meta name=\"twitter:card\" content=\"summary_large_image\" \/>\n<meta name=\"twitter:label1\" content=\"Est. reading time\" \/>\n\t<meta name=\"twitter:data1\" content=\"2 minutes\" \/>\n<script type=\"application\/ld+json\" class=\"yoast-schema-graph\">{\"@context\":\"https:\/\/schema.org\",\"@graph\":[{\"@type\":\"Organization\",\"@id\":\"https:\/\/2020.hdk-valand-graduation.se\/#organization\",\"name\":\"HDK-Valand\",\"url\":\"https:\/\/2020.hdk-valand-graduation.se\/\",\"sameAs\":[],\"logo\":{\"@type\":\"ImageObject\",\"inLanguage\":\"en-US\",\"@id\":\"https:\/\/2020.hdk-valand-graduation.se\/#\/schema\/logo\/image\/\",\"url\":\"https:\/\/2020.hdk-valand-graduation.se\/wp-content\/uploads\/2020\/05\/1498141_ny_logo_sv_high.png\",\"contentUrl\":\"https:\/\/2020.hdk-valand-graduation.se\/wp-content\/uploads\/2020\/05\/1498141_ny_logo_sv_high.png\",\"width\":254,\"height\":258,\"caption\":\"HDK-Valand\"},\"image\":{\"@id\":\"https:\/\/2020.hdk-valand-graduation.se\/#\/schema\/logo\/image\/\"}},{\"@type\":\"WebSite\",\"@id\":\"https:\/\/2020.hdk-valand-graduation.se\/#website\",\"url\":\"https:\/\/2020.hdk-valand-graduation.se\/\",\"name\":\"Exam Projects 2020\",\"description\":\"HDK-Valand\",\"publisher\":{\"@id\":\"https:\/\/2020.hdk-valand-graduation.se\/#organization\"},\"potentialAction\":[{\"@type\":\"SearchAction\",\"target\":{\"@type\":\"EntryPoint\",\"urlTemplate\":\"https:\/\/2020.hdk-valand-graduation.se\/?s={search_term_string}\"},\"query-input\":\"required name=search_term_string\"}],\"inLanguage\":\"en-US\"},{\"@type\":\"ImageObject\",\"inLanguage\":\"en-US\",\"@id\":\"https:\/\/2020.hdk-valand-graduation.se\/en\/literary-composition\/#primaryimage\",\"url\":\"https:\/\/2020.hdk-valand-graduation.se\/wp-content\/uploads\/2020\/06\/exam2020_og_image_1300x630-1.png\",\"contentUrl\":\"https:\/\/2020.hdk-valand-graduation.se\/wp-content\/uploads\/2020\/06\/exam2020_og_image_1300x630-1.png\",\"width\":1200,\"height\":630,\"caption\":\"HDK-Valand Exam Projects 2020\"},{\"@type\":\"WebPage\",\"@id\":\"https:\/\/2020.hdk-valand-graduation.se\/en\/literary-composition\/#webpage\",\"url\":\"https:\/\/2020.hdk-valand-graduation.se\/en\/literary-composition\/\",\"name\":\"Exam Projects 2020 - Literary Composition\",\"isPartOf\":{\"@id\":\"https:\/\/2020.hdk-valand-graduation.se\/#website\"},\"primaryImageOfPage\":{\"@id\":\"https:\/\/2020.hdk-valand-graduation.se\/en\/literary-composition\/#primaryimage\"},\"datePublished\":\"2020-05-14T08:14:41+00:00\",\"dateModified\":\"2020-06-09T18:23:10+00:00\",\"description\":\"HDK-Valand ger dig n\u00e5got annat \u00e4n en utst\u00e4llning, ett digitalt f\u00f6nster d\u00e4r studenterna ger en f\u00f6rsmak av sina konstn\u00e4rliga praktiker.\",\"breadcrumb\":{\"@id\":\"https:\/\/2020.hdk-valand-graduation.se\/en\/literary-composition\/#breadcrumb\"},\"inLanguage\":\"en-US\",\"potentialAction\":[{\"@type\":\"ReadAction\",\"target\":[\"https:\/\/2020.hdk-valand-graduation.se\/en\/literary-composition\/\"]}]},{\"@type\":\"BreadcrumbList\",\"@id\":\"https:\/\/2020.hdk-valand-graduation.se\/en\/literary-composition\/#breadcrumb\",\"itemListElement\":[{\"@type\":\"ListItem\",\"position\":1,\"name\":\"Hem\",\"item\":\"https:\/\/2020.hdk-valand-graduation.se\/en\/\"},{\"@type\":\"ListItem\",\"position\":2,\"name\":\"Literary Composition\"}]}]}<\/script>\n<!-- \/ Yoast SEO plugin. -->","yoast_head_json":{"title":"Exam Projects 2020 - Literary Composition","description":"HDK-Valand ger dig n\u00e5got annat \u00e4n en utst\u00e4llning, ett digitalt f\u00f6nster d\u00e4r studenterna ger en f\u00f6rsmak av sina konstn\u00e4rliga praktiker.","robots":{"index":"noindex","follow":"follow","max-snippet":"max-snippet:-1","max-image-preview":"max-image-preview:large","max-video-preview":"max-video-preview:-1"},"og_locale":"en_US","og_type":"article","og_title":"Exam Projects 2020 - Literary Composition","og_description":"HDK-Valand ger dig n\u00e5got annat \u00e4n en utst\u00e4llning, ett digitalt f\u00f6nster d\u00e4r studenterna ger en f\u00f6rsmak av sina konstn\u00e4rliga praktiker.","og_url":"https:\/\/2020.hdk-valand-graduation.se\/en\/literary-composition\/","og_site_name":"Exam Projects 2020","article_modified_time":"2020-06-09T18:23:10+00:00","og_image":[{"width":1200,"height":630,"url":"https:\/\/2020.hdk-valand-graduation.se\/wp-content\/uploads\/2020\/06\/exam2020_og_image_1300x630-1.png","type":"image\/png"}],"twitter_card":"summary_large_image","twitter_misc":{"Est. reading time":"2 minutes"},"schema":{"@context":"https:\/\/schema.org","@graph":[{"@type":"Organization","@id":"https:\/\/2020.hdk-valand-graduation.se\/#organization","name":"HDK-Valand","url":"https:\/\/2020.hdk-valand-graduation.se\/","sameAs":[],"logo":{"@type":"ImageObject","inLanguage":"en-US","@id":"https:\/\/2020.hdk-valand-graduation.se\/#\/schema\/logo\/image\/","url":"https:\/\/2020.hdk-valand-graduation.se\/wp-content\/uploads\/2020\/05\/1498141_ny_logo_sv_high.png","contentUrl":"https:\/\/2020.hdk-valand-graduation.se\/wp-content\/uploads\/2020\/05\/1498141_ny_logo_sv_high.png","width":254,"height":258,"caption":"HDK-Valand"},"image":{"@id":"https:\/\/2020.hdk-valand-graduation.se\/#\/schema\/logo\/image\/"}},{"@type":"WebSite","@id":"https:\/\/2020.hdk-valand-graduation.se\/#website","url":"https:\/\/2020.hdk-valand-graduation.se\/","name":"Exam Projects 2020","description":"HDK-Valand","publisher":{"@id":"https:\/\/2020.hdk-valand-graduation.se\/#organization"},"potentialAction":[{"@type":"SearchAction","target":{"@type":"EntryPoint","urlTemplate":"https:\/\/2020.hdk-valand-graduation.se\/?s={search_term_string}"},"query-input":"required name=search_term_string"}],"inLanguage":"en-US"},{"@type":"ImageObject","inLanguage":"en-US","@id":"https:\/\/2020.hdk-valand-graduation.se\/en\/literary-composition\/#primaryimage","url":"https:\/\/2020.hdk-valand-graduation.se\/wp-content\/uploads\/2020\/06\/exam2020_og_image_1300x630-1.png","contentUrl":"https:\/\/2020.hdk-valand-graduation.se\/wp-content\/uploads\/2020\/06\/exam2020_og_image_1300x630-1.png","width":1200,"height":630,"caption":"HDK-Valand Exam Projects 2020"},{"@type":"WebPage","@id":"https:\/\/2020.hdk-valand-graduation.se\/en\/literary-composition\/#webpage","url":"https:\/\/2020.hdk-valand-graduation.se\/en\/literary-composition\/","name":"Exam Projects 2020 - Literary Composition","isPartOf":{"@id":"https:\/\/2020.hdk-valand-graduation.se\/#website"},"primaryImageOfPage":{"@id":"https:\/\/2020.hdk-valand-graduation.se\/en\/literary-composition\/#primaryimage"},"datePublished":"2020-05-14T08:14:41+00:00","dateModified":"2020-06-09T18:23:10+00:00","description":"HDK-Valand ger dig n\u00e5got annat \u00e4n en utst\u00e4llning, ett digitalt f\u00f6nster d\u00e4r studenterna ger en f\u00f6rsmak av sina konstn\u00e4rliga praktiker.","breadcrumb":{"@id":"https:\/\/2020.hdk-valand-graduation.se\/en\/literary-composition\/#breadcrumb"},"inLanguage":"en-US","potentialAction":[{"@type":"ReadAction","target":["https:\/\/2020.hdk-valand-graduation.se\/en\/literary-composition\/"]}]},{"@type":"BreadcrumbList","@id":"https:\/\/2020.hdk-valand-graduation.se\/en\/literary-composition\/#breadcrumb","itemListElement":[{"@type":"ListItem","position":1,"name":"Hem","item":"https:\/\/2020.hdk-valand-graduation.se\/en\/"},{"@type":"ListItem","position":2,"name":"Literary Composition"}]}]}},"_links":{"self":[{"href":"https:\/\/2020.hdk-valand-graduation.se\/en\/wp-json\/wp\/v2\/pages\/1284"}],"collection":[{"href":"https:\/\/2020.hdk-valand-graduation.se\/en\/wp-json\/wp\/v2\/pages"}],"about":[{"href":"https:\/\/2020.hdk-valand-graduation.se\/en\/wp-json\/wp\/v2\/types\/page"}],"author":[{"embeddable":true,"href":"https:\/\/2020.hdk-valand-graduation.se\/en\/wp-json\/wp\/v2\/users\/1"}],"replies":[{"embeddable":true,"href":"https:\/\/2020.hdk-valand-graduation.se\/en\/wp-json\/wp\/v2\/comments?post=1284"}],"version-history":[{"count":1,"href":"https:\/\/2020.hdk-valand-graduation.se\/en\/wp-json\/wp\/v2\/pages\/1284\/revisions"}],"predecessor-version":[{"id":1368,"href":"https:\/\/2020.hdk-valand-graduation.se\/en\/wp-json\/wp\/v2\/pages\/1284\/revisions\/1368"}],"wp:featuredmedia":[{"embeddable":true,"href":"https:\/\/2020.hdk-valand-graduation.se\/en\/wp-json\/wp\/v2\/media\/4021"}],"wp:attachment":[{"href":"https:\/\/2020.hdk-valand-graduation.se\/en\/wp-json\/wp\/v2\/media?parent=1284"}],"curies":[{"name":"wp","href":"https:\/\/api.w.org\/{rel}","templated":true}]}}