{"id":445,"date":"2019-09-03T14:56:42","date_gmt":"2019-09-03T12:56:42","guid":{"rendered":"http:\/\/gdf2019.wpengine.com\/?page_id=445"},"modified":"2020-06-08T09:54:44","modified_gmt":"2020-06-08T07:54:44","slug":"about-this-website","status":"publish","type":"page","link":"https:\/\/2020.hdk-valand-graduation.se\/en\/about-this-website\/","title":{"rendered":"About this website"},"content":{"rendered":"<p>It has been an unusual spring for both students and staff at HDK-Valand. As the restrictions around Covid-19 have become increasingly tangible and pervasive, teaching has moved into digital meeting rooms and the many exam exhibitions that were planned have been canceled.<\/p>\n<p>This platform does not replace the cancelled degree exhibitions or the complicated curatorial work of designing, arranging, formulating and staging different artistic practices in a common space. It is not an exhibition. It is something else; a digital window into the student environments and education as well as an opportunity for the students to provide a common overview of their artistic practices.<\/p>\n<p>Exhibiting, interacting with the public and exploring the exhibition space are important elements of art education. As soon as possible, HDK-Valand will resume that work and the many external collaborations that make it possible. The idea is that then this platform will \u00a0continue on as a complement to the variety of physical exhibitions.<\/p>\n","protected":false},"excerpt":{"rendered":"<p>It has been an unusual spring for both students and staff at HDK-Valand. As the restrictions around Covid-19 have become increasingly tangible and pervasive, teaching has moved into digital meeting rooms and the many exam exhibitions that were planned have been canceled. This platform does not replace the cancelled degree exhibitions or the complicated curatorial&hellip;<\/p>\n","protected":false},"author":1,"featured_media":4021,"parent":0,"menu_order":0,"comment_status":"closed","ping_status":"closed","template":"","meta":[],"yoast_head":"<!-- This site is optimized with the Yoast SEO plugin v18.9 - https:\/\/yoast.com\/wordpress\/plugins\/seo\/ -->\n<title>Exam Projects 2020 - About this website<\/title>\n<meta name=\"description\" content=\"HDK-Valand ger dig n\u00e5got annat \u00e4n en utst\u00e4llning, ett digitalt f\u00f6nster d\u00e4r studenterna ger en f\u00f6rsmak av sina konstn\u00e4rliga praktiker.\" \/>\n<meta name=\"robots\" content=\"noindex, follow, max-snippet:-1, max-image-preview:large, max-video-preview:-1\" \/>\n<meta property=\"og:locale\" content=\"en_US\" \/>\n<meta property=\"og:type\" content=\"article\" \/>\n<meta property=\"og:title\" content=\"Exam Projects 2020 - About this website\" \/>\n<meta property=\"og:description\" content=\"HDK-Valand ger dig n\u00e5got annat \u00e4n en utst\u00e4llning, ett digitalt f\u00f6nster d\u00e4r studenterna ger en f\u00f6rsmak av sina konstn\u00e4rliga praktiker.\" \/>\n<meta property=\"og:url\" content=\"https:\/\/2020.hdk-valand-graduation.se\/en\/about-this-website\/\" \/>\n<meta property=\"og:site_name\" content=\"Exam Projects 2020\" \/>\n<meta property=\"article:modified_time\" content=\"2020-06-08T07:54:44+00:00\" \/>\n<meta property=\"og:image\" content=\"https:\/\/2020.hdk-valand-graduation.se\/wp-content\/uploads\/2020\/06\/exam2020_og_image_1300x630-1.png\" \/>\n\t<meta property=\"og:image:width\" content=\"1200\" \/>\n\t<meta property=\"og:image:height\" content=\"630\" \/>\n\t<meta property=\"og:image:type\" content=\"image\/png\" \/>\n<meta name=\"twitter:card\" content=\"summary_large_image\" \/>\n<meta name=\"twitter:label1\" content=\"Est. reading time\" \/>\n\t<meta name=\"twitter:data1\" content=\"1 minute\" \/>\n<script type=\"application\/ld+json\" class=\"yoast-schema-graph\">{\"@context\":\"https:\/\/schema.org\",\"@graph\":[{\"@type\":\"Organization\",\"@id\":\"https:\/\/2020.hdk-valand-graduation.se\/#organization\",\"name\":\"HDK-Valand\",\"url\":\"https:\/\/2020.hdk-valand-graduation.se\/\",\"sameAs\":[],\"logo\":{\"@type\":\"ImageObject\",\"inLanguage\":\"en-US\",\"@id\":\"https:\/\/2020.hdk-valand-graduation.se\/#\/schema\/logo\/image\/\",\"url\":\"https:\/\/2020.hdk-valand-graduation.se\/wp-content\/uploads\/2020\/05\/1498141_ny_logo_sv_high.png\",\"contentUrl\":\"https:\/\/2020.hdk-valand-graduation.se\/wp-content\/uploads\/2020\/05\/1498141_ny_logo_sv_high.png\",\"width\":254,\"height\":258,\"caption\":\"HDK-Valand\"},\"image\":{\"@id\":\"https:\/\/2020.hdk-valand-graduation.se\/#\/schema\/logo\/image\/\"}},{\"@type\":\"WebSite\",\"@id\":\"https:\/\/2020.hdk-valand-graduation.se\/#website\",\"url\":\"https:\/\/2020.hdk-valand-graduation.se\/\",\"name\":\"Exam Projects 2020\",\"description\":\"HDK-Valand\",\"publisher\":{\"@id\":\"https:\/\/2020.hdk-valand-graduation.se\/#organization\"},\"potentialAction\":[{\"@type\":\"SearchAction\",\"target\":{\"@type\":\"EntryPoint\",\"urlTemplate\":\"https:\/\/2020.hdk-valand-graduation.se\/?s={search_term_string}\"},\"query-input\":\"required name=search_term_string\"}],\"inLanguage\":\"en-US\"},{\"@type\":\"ImageObject\",\"inLanguage\":\"en-US\",\"@id\":\"https:\/\/2020.hdk-valand-graduation.se\/en\/about-this-website\/#primaryimage\",\"url\":\"https:\/\/2020.hdk-valand-graduation.se\/wp-content\/uploads\/2020\/06\/exam2020_og_image_1300x630-1.png\",\"contentUrl\":\"https:\/\/2020.hdk-valand-graduation.se\/wp-content\/uploads\/2020\/06\/exam2020_og_image_1300x630-1.png\",\"width\":1200,\"height\":630,\"caption\":\"HDK-Valand Exam Projects 2020\"},{\"@type\":\"WebPage\",\"@id\":\"https:\/\/2020.hdk-valand-graduation.se\/en\/about-this-website\/#webpage\",\"url\":\"https:\/\/2020.hdk-valand-graduation.se\/en\/about-this-website\/\",\"name\":\"Exam Projects 2020 - About this website\",\"isPartOf\":{\"@id\":\"https:\/\/2020.hdk-valand-graduation.se\/#website\"},\"primaryImageOfPage\":{\"@id\":\"https:\/\/2020.hdk-valand-graduation.se\/en\/about-this-website\/#primaryimage\"},\"datePublished\":\"2019-09-03T12:56:42+00:00\",\"dateModified\":\"2020-06-08T07:54:44+00:00\",\"description\":\"HDK-Valand ger dig n\u00e5got annat \u00e4n en utst\u00e4llning, ett digitalt f\u00f6nster d\u00e4r studenterna ger en f\u00f6rsmak av sina konstn\u00e4rliga praktiker.\",\"breadcrumb\":{\"@id\":\"https:\/\/2020.hdk-valand-graduation.se\/en\/about-this-website\/#breadcrumb\"},\"inLanguage\":\"en-US\",\"potentialAction\":[{\"@type\":\"ReadAction\",\"target\":[\"https:\/\/2020.hdk-valand-graduation.se\/en\/about-this-website\/\"]}]},{\"@type\":\"BreadcrumbList\",\"@id\":\"https:\/\/2020.hdk-valand-graduation.se\/en\/about-this-website\/#breadcrumb\",\"itemListElement\":[{\"@type\":\"ListItem\",\"position\":1,\"name\":\"Hem\",\"item\":\"https:\/\/2020.hdk-valand-graduation.se\/en\/\"},{\"@type\":\"ListItem\",\"position\":2,\"name\":\"About this website\"}]}]}<\/script>\n<!-- \/ Yoast SEO plugin. -->","yoast_head_json":{"title":"Exam Projects 2020 - About this website","description":"HDK-Valand ger dig n\u00e5got annat \u00e4n en utst\u00e4llning, ett digitalt f\u00f6nster d\u00e4r studenterna ger en f\u00f6rsmak av sina konstn\u00e4rliga praktiker.","robots":{"index":"noindex","follow":"follow","max-snippet":"max-snippet:-1","max-image-preview":"max-image-preview:large","max-video-preview":"max-video-preview:-1"},"og_locale":"en_US","og_type":"article","og_title":"Exam Projects 2020 - About this website","og_description":"HDK-Valand ger dig n\u00e5got annat \u00e4n en utst\u00e4llning, ett digitalt f\u00f6nster d\u00e4r studenterna ger en f\u00f6rsmak av sina konstn\u00e4rliga praktiker.","og_url":"https:\/\/2020.hdk-valand-graduation.se\/en\/about-this-website\/","og_site_name":"Exam Projects 2020","article_modified_time":"2020-06-08T07:54:44+00:00","og_image":[{"width":1200,"height":630,"url":"https:\/\/2020.hdk-valand-graduation.se\/wp-content\/uploads\/2020\/06\/exam2020_og_image_1300x630-1.png","type":"image\/png"}],"twitter_card":"summary_large_image","twitter_misc":{"Est. reading time":"1 minute"},"schema":{"@context":"https:\/\/schema.org","@graph":[{"@type":"Organization","@id":"https:\/\/2020.hdk-valand-graduation.se\/#organization","name":"HDK-Valand","url":"https:\/\/2020.hdk-valand-graduation.se\/","sameAs":[],"logo":{"@type":"ImageObject","inLanguage":"en-US","@id":"https:\/\/2020.hdk-valand-graduation.se\/#\/schema\/logo\/image\/","url":"https:\/\/2020.hdk-valand-graduation.se\/wp-content\/uploads\/2020\/05\/1498141_ny_logo_sv_high.png","contentUrl":"https:\/\/2020.hdk-valand-graduation.se\/wp-content\/uploads\/2020\/05\/1498141_ny_logo_sv_high.png","width":254,"height":258,"caption":"HDK-Valand"},"image":{"@id":"https:\/\/2020.hdk-valand-graduation.se\/#\/schema\/logo\/image\/"}},{"@type":"WebSite","@id":"https:\/\/2020.hdk-valand-graduation.se\/#website","url":"https:\/\/2020.hdk-valand-graduation.se\/","name":"Exam Projects 2020","description":"HDK-Valand","publisher":{"@id":"https:\/\/2020.hdk-valand-graduation.se\/#organization"},"potentialAction":[{"@type":"SearchAction","target":{"@type":"EntryPoint","urlTemplate":"https:\/\/2020.hdk-valand-graduation.se\/?s={search_term_string}"},"query-input":"required name=search_term_string"}],"inLanguage":"en-US"},{"@type":"ImageObject","inLanguage":"en-US","@id":"https:\/\/2020.hdk-valand-graduation.se\/en\/about-this-website\/#primaryimage","url":"https:\/\/2020.hdk-valand-graduation.se\/wp-content\/uploads\/2020\/06\/exam2020_og_image_1300x630-1.png","contentUrl":"https:\/\/2020.hdk-valand-graduation.se\/wp-content\/uploads\/2020\/06\/exam2020_og_image_1300x630-1.png","width":1200,"height":630,"caption":"HDK-Valand Exam Projects 2020"},{"@type":"WebPage","@id":"https:\/\/2020.hdk-valand-graduation.se\/en\/about-this-website\/#webpage","url":"https:\/\/2020.hdk-valand-graduation.se\/en\/about-this-website\/","name":"Exam Projects 2020 - About this website","isPartOf":{"@id":"https:\/\/2020.hdk-valand-graduation.se\/#website"},"primaryImageOfPage":{"@id":"https:\/\/2020.hdk-valand-graduation.se\/en\/about-this-website\/#primaryimage"},"datePublished":"2019-09-03T12:56:42+00:00","dateModified":"2020-06-08T07:54:44+00:00","description":"HDK-Valand ger dig n\u00e5got annat \u00e4n en utst\u00e4llning, ett digitalt f\u00f6nster d\u00e4r studenterna ger en f\u00f6rsmak av sina konstn\u00e4rliga praktiker.","breadcrumb":{"@id":"https:\/\/2020.hdk-valand-graduation.se\/en\/about-this-website\/#breadcrumb"},"inLanguage":"en-US","potentialAction":[{"@type":"ReadAction","target":["https:\/\/2020.hdk-valand-graduation.se\/en\/about-this-website\/"]}]},{"@type":"BreadcrumbList","@id":"https:\/\/2020.hdk-valand-graduation.se\/en\/about-this-website\/#breadcrumb","itemListElement":[{"@type":"ListItem","position":1,"name":"Hem","item":"https:\/\/2020.hdk-valand-graduation.se\/en\/"},{"@type":"ListItem","position":2,"name":"About this website"}]}]}},"_links":{"self":[{"href":"https:\/\/2020.hdk-valand-graduation.se\/en\/wp-json\/wp\/v2\/pages\/445"}],"collection":[{"href":"https:\/\/2020.hdk-valand-graduation.se\/en\/wp-json\/wp\/v2\/pages"}],"about":[{"href":"https:\/\/2020.hdk-valand-graduation.se\/en\/wp-json\/wp\/v2\/types\/page"}],"author":[{"embeddable":true,"href":"https:\/\/2020.hdk-valand-graduation.se\/en\/wp-json\/wp\/v2\/users\/1"}],"replies":[{"embeddable":true,"href":"https:\/\/2020.hdk-valand-graduation.se\/en\/wp-json\/wp\/v2\/comments?post=445"}],"version-history":[{"count":0,"href":"https:\/\/2020.hdk-valand-graduation.se\/en\/wp-json\/wp\/v2\/pages\/445\/revisions"}],"wp:featuredmedia":[{"embeddable":true,"href":"https:\/\/2020.hdk-valand-graduation.se\/en\/wp-json\/wp\/v2\/media\/4021"}],"wp:attachment":[{"href":"https:\/\/2020.hdk-valand-graduation.se\/en\/wp-json\/wp\/v2\/media?parent=445"}],"curies":[{"name":"wp","href":"https:\/\/api.w.org\/{rel}","templated":true}]}}