{"id":455,"date":"2019-09-03T15:15:53","date_gmt":"2019-09-03T13:15:53","guid":{"rendered":"http:\/\/gdf2019.wpengine.com\/?page_id=455"},"modified":"2020-06-11T18:30:14","modified_gmt":"2020-06-11T16:30:14","slug":"contact","status":"publish","type":"page","link":"https:\/\/2020.hdk-valand-graduation.se\/en\/contact\/","title":{"rendered":"Contact"},"content":{"rendered":"<h2><span class=\"blockTitle\">HDK-Valand &#8211; Academy of Art and Design<\/span><\/h2>\n<p><span class=\"addressValue\">PO Box 131<\/span><br \/>\nSE405 30 G\u00f6teborg<br \/>\nVisiting address: <span class=\"addressValue\">Kristinelundsgatan 6-8<\/span>, G\u00f6teborg<\/p>\n<p>Phone: +46 31-786 10 00<br \/>\nWeb Page: <a href=\"http:\/\/www.hdk-valand.gu.se\/\">www.hdk-valand.gu.se<\/a><br \/>\nEmail: <a href=\"mailto:info@hdk-valand.gu.se\">info@hdk-valand.gu.se<\/a><\/p>\n<p>Communications Officer: <span class=\"TextRun SCXW92799513 BCX4\" lang=\"SV-SE\" xml:lang=\"SV-SE\" data-contrast=\"none\"><span class=\"NormalTextRun SCXW92799513 BCX4\"> Cecilia <\/span><\/span><span class=\"TextRun SCXW92799513 BCX4\" lang=\"SV-SE\" xml:lang=\"SV-SE\" data-contrast=\"none\"><span class=\"SpellingError SCXW92799513 BCX4\">K\u00f6ljing<\/span><\/span><span class=\"TextRun SCXW92799513 BCX4\" lang=\"SV-SE\" xml:lang=\"SV-SE\" data-contrast=\"none\"><span class=\"NormalTextRun SCXW92799513 BCX4\">, <\/span><span class=\"ContextualSpellingAndGrammarError SCXW92799513 BCX4\">0701<\/span><\/span><span class=\"TextRun SCXW92799513 BCX4\" lang=\"SV-SE\" xml:lang=\"SV-SE\" data-contrast=\"none\"><span class=\"ContextualSpellingAndGrammarError SCXW92799513 BCX4\">&#8211;<\/span><\/span><span class=\"TextRun SCXW92799513 BCX4\" lang=\"SV-SE\" xml:lang=\"SV-SE\" data-contrast=\"none\"><span class=\"ContextualSpellingAndGrammarError SCXW92799513 BCX4\">41<\/span><\/span><span class=\"TextRun SCXW92799513 BCX4\" lang=\"SV-SE\" xml:lang=\"SV-SE\" data-contrast=\"none\"><span class=\"ContextualSpellingAndGrammarError SCXW92799513 BCX4\">2164, kommunikation@konst.gu.se<\/span><\/span><\/p>\n","protected":false},"excerpt":{"rendered":"<p>HDK-Valand &#8211; Academy of Art and Design PO Box 131 SE405 30 G\u00f6teborg Visiting address: Kristinelundsgatan 6-8, G\u00f6teborg Phone: +46 31-786 10 00 Web Page: www.hdk-valand.gu.se Email: info@hdk-valand.gu.se Communications Officer: Cecilia K\u00f6ljing, 0701&#8211;412164, kommunikation@konst.gu.se<\/p>\n","protected":false},"author":1,"featured_media":4021,"parent":0,"menu_order":0,"comment_status":"closed","ping_status":"closed","template":"","meta":[],"yoast_head":"<!-- This site is optimized with the Yoast SEO plugin v18.9 - https:\/\/yoast.com\/wordpress\/plugins\/seo\/ -->\n<title>Exam Projects 2020 - Contact<\/title>\n<meta name=\"description\" content=\"HDK-Valand ger dig n\u00e5got annat \u00e4n en utst\u00e4llning, ett digitalt f\u00f6nster d\u00e4r studenterna ger en f\u00f6rsmak av sina konstn\u00e4rliga praktiker.\" \/>\n<meta name=\"robots\" content=\"noindex, follow, max-snippet:-1, max-image-preview:large, max-video-preview:-1\" \/>\n<meta property=\"og:locale\" content=\"en_US\" \/>\n<meta property=\"og:type\" content=\"article\" \/>\n<meta property=\"og:title\" content=\"Exam Projects 2020 - Contact\" \/>\n<meta property=\"og:description\" content=\"HDK-Valand ger dig n\u00e5got annat \u00e4n en utst\u00e4llning, ett digitalt f\u00f6nster d\u00e4r studenterna ger en f\u00f6rsmak av sina konstn\u00e4rliga praktiker.\" \/>\n<meta property=\"og:url\" content=\"https:\/\/2020.hdk-valand-graduation.se\/en\/contact\/\" \/>\n<meta property=\"og:site_name\" content=\"Exam Projects 2020\" \/>\n<meta property=\"article:modified_time\" content=\"2020-06-11T16:30:14+00:00\" \/>\n<meta property=\"og:image\" content=\"https:\/\/2020.hdk-valand-graduation.se\/wp-content\/uploads\/2020\/06\/exam2020_og_image_1300x630-1.png\" \/>\n\t<meta property=\"og:image:width\" content=\"1200\" \/>\n\t<meta property=\"og:image:height\" content=\"630\" \/>\n\t<meta property=\"og:image:type\" content=\"image\/png\" \/>\n<meta name=\"twitter:card\" content=\"summary_large_image\" \/>\n<script type=\"application\/ld+json\" class=\"yoast-schema-graph\">{\"@context\":\"https:\/\/schema.org\",\"@graph\":[{\"@type\":\"Organization\",\"@id\":\"https:\/\/2020.hdk-valand-graduation.se\/#organization\",\"name\":\"HDK-Valand\",\"url\":\"https:\/\/2020.hdk-valand-graduation.se\/\",\"sameAs\":[],\"logo\":{\"@type\":\"ImageObject\",\"inLanguage\":\"en-US\",\"@id\":\"https:\/\/2020.hdk-valand-graduation.se\/#\/schema\/logo\/image\/\",\"url\":\"https:\/\/2020.hdk-valand-graduation.se\/wp-content\/uploads\/2020\/05\/1498141_ny_logo_sv_high.png\",\"contentUrl\":\"https:\/\/2020.hdk-valand-graduation.se\/wp-content\/uploads\/2020\/05\/1498141_ny_logo_sv_high.png\",\"width\":254,\"height\":258,\"caption\":\"HDK-Valand\"},\"image\":{\"@id\":\"https:\/\/2020.hdk-valand-graduation.se\/#\/schema\/logo\/image\/\"}},{\"@type\":\"WebSite\",\"@id\":\"https:\/\/2020.hdk-valand-graduation.se\/#website\",\"url\":\"https:\/\/2020.hdk-valand-graduation.se\/\",\"name\":\"Exam Projects 2020\",\"description\":\"HDK-Valand\",\"publisher\":{\"@id\":\"https:\/\/2020.hdk-valand-graduation.se\/#organization\"},\"potentialAction\":[{\"@type\":\"SearchAction\",\"target\":{\"@type\":\"EntryPoint\",\"urlTemplate\":\"https:\/\/2020.hdk-valand-graduation.se\/?s={search_term_string}\"},\"query-input\":\"required name=search_term_string\"}],\"inLanguage\":\"en-US\"},{\"@type\":\"ImageObject\",\"inLanguage\":\"en-US\",\"@id\":\"https:\/\/2020.hdk-valand-graduation.se\/en\/contact\/#primaryimage\",\"url\":\"https:\/\/2020.hdk-valand-graduation.se\/wp-content\/uploads\/2020\/06\/exam2020_og_image_1300x630-1.png\",\"contentUrl\":\"https:\/\/2020.hdk-valand-graduation.se\/wp-content\/uploads\/2020\/06\/exam2020_og_image_1300x630-1.png\",\"width\":1200,\"height\":630,\"caption\":\"HDK-Valand Exam Projects 2020\"},{\"@type\":\"WebPage\",\"@id\":\"https:\/\/2020.hdk-valand-graduation.se\/en\/contact\/#webpage\",\"url\":\"https:\/\/2020.hdk-valand-graduation.se\/en\/contact\/\",\"name\":\"Exam Projects 2020 - Contact\",\"isPartOf\":{\"@id\":\"https:\/\/2020.hdk-valand-graduation.se\/#website\"},\"primaryImageOfPage\":{\"@id\":\"https:\/\/2020.hdk-valand-graduation.se\/en\/contact\/#primaryimage\"},\"datePublished\":\"2019-09-03T13:15:53+00:00\",\"dateModified\":\"2020-06-11T16:30:14+00:00\",\"description\":\"HDK-Valand ger dig n\u00e5got annat \u00e4n en utst\u00e4llning, ett digitalt f\u00f6nster d\u00e4r studenterna ger en f\u00f6rsmak av sina konstn\u00e4rliga praktiker.\",\"breadcrumb\":{\"@id\":\"https:\/\/2020.hdk-valand-graduation.se\/en\/contact\/#breadcrumb\"},\"inLanguage\":\"en-US\",\"potentialAction\":[{\"@type\":\"ReadAction\",\"target\":[\"https:\/\/2020.hdk-valand-graduation.se\/en\/contact\/\"]}]},{\"@type\":\"BreadcrumbList\",\"@id\":\"https:\/\/2020.hdk-valand-graduation.se\/en\/contact\/#breadcrumb\",\"itemListElement\":[{\"@type\":\"ListItem\",\"position\":1,\"name\":\"Hem\",\"item\":\"https:\/\/2020.hdk-valand-graduation.se\/en\/\"},{\"@type\":\"ListItem\",\"position\":2,\"name\":\"Contact\"}]}]}<\/script>\n<!-- \/ Yoast SEO plugin. -->","yoast_head_json":{"title":"Exam Projects 2020 - Contact","description":"HDK-Valand ger dig n\u00e5got annat \u00e4n en utst\u00e4llning, ett digitalt f\u00f6nster d\u00e4r studenterna ger en f\u00f6rsmak av sina konstn\u00e4rliga praktiker.","robots":{"index":"noindex","follow":"follow","max-snippet":"max-snippet:-1","max-image-preview":"max-image-preview:large","max-video-preview":"max-video-preview:-1"},"og_locale":"en_US","og_type":"article","og_title":"Exam Projects 2020 - Contact","og_description":"HDK-Valand ger dig n\u00e5got annat \u00e4n en utst\u00e4llning, ett digitalt f\u00f6nster d\u00e4r studenterna ger en f\u00f6rsmak av sina konstn\u00e4rliga praktiker.","og_url":"https:\/\/2020.hdk-valand-graduation.se\/en\/contact\/","og_site_name":"Exam Projects 2020","article_modified_time":"2020-06-11T16:30:14+00:00","og_image":[{"width":1200,"height":630,"url":"https:\/\/2020.hdk-valand-graduation.se\/wp-content\/uploads\/2020\/06\/exam2020_og_image_1300x630-1.png","type":"image\/png"}],"twitter_card":"summary_large_image","schema":{"@context":"https:\/\/schema.org","@graph":[{"@type":"Organization","@id":"https:\/\/2020.hdk-valand-graduation.se\/#organization","name":"HDK-Valand","url":"https:\/\/2020.hdk-valand-graduation.se\/","sameAs":[],"logo":{"@type":"ImageObject","inLanguage":"en-US","@id":"https:\/\/2020.hdk-valand-graduation.se\/#\/schema\/logo\/image\/","url":"https:\/\/2020.hdk-valand-graduation.se\/wp-content\/uploads\/2020\/05\/1498141_ny_logo_sv_high.png","contentUrl":"https:\/\/2020.hdk-valand-graduation.se\/wp-content\/uploads\/2020\/05\/1498141_ny_logo_sv_high.png","width":254,"height":258,"caption":"HDK-Valand"},"image":{"@id":"https:\/\/2020.hdk-valand-graduation.se\/#\/schema\/logo\/image\/"}},{"@type":"WebSite","@id":"https:\/\/2020.hdk-valand-graduation.se\/#website","url":"https:\/\/2020.hdk-valand-graduation.se\/","name":"Exam Projects 2020","description":"HDK-Valand","publisher":{"@id":"https:\/\/2020.hdk-valand-graduation.se\/#organization"},"potentialAction":[{"@type":"SearchAction","target":{"@type":"EntryPoint","urlTemplate":"https:\/\/2020.hdk-valand-graduation.se\/?s={search_term_string}"},"query-input":"required name=search_term_string"}],"inLanguage":"en-US"},{"@type":"ImageObject","inLanguage":"en-US","@id":"https:\/\/2020.hdk-valand-graduation.se\/en\/contact\/#primaryimage","url":"https:\/\/2020.hdk-valand-graduation.se\/wp-content\/uploads\/2020\/06\/exam2020_og_image_1300x630-1.png","contentUrl":"https:\/\/2020.hdk-valand-graduation.se\/wp-content\/uploads\/2020\/06\/exam2020_og_image_1300x630-1.png","width":1200,"height":630,"caption":"HDK-Valand Exam Projects 2020"},{"@type":"WebPage","@id":"https:\/\/2020.hdk-valand-graduation.se\/en\/contact\/#webpage","url":"https:\/\/2020.hdk-valand-graduation.se\/en\/contact\/","name":"Exam Projects 2020 - Contact","isPartOf":{"@id":"https:\/\/2020.hdk-valand-graduation.se\/#website"},"primaryImageOfPage":{"@id":"https:\/\/2020.hdk-valand-graduation.se\/en\/contact\/#primaryimage"},"datePublished":"2019-09-03T13:15:53+00:00","dateModified":"2020-06-11T16:30:14+00:00","description":"HDK-Valand ger dig n\u00e5got annat \u00e4n en utst\u00e4llning, ett digitalt f\u00f6nster d\u00e4r studenterna ger en f\u00f6rsmak av sina konstn\u00e4rliga praktiker.","breadcrumb":{"@id":"https:\/\/2020.hdk-valand-graduation.se\/en\/contact\/#breadcrumb"},"inLanguage":"en-US","potentialAction":[{"@type":"ReadAction","target":["https:\/\/2020.hdk-valand-graduation.se\/en\/contact\/"]}]},{"@type":"BreadcrumbList","@id":"https:\/\/2020.hdk-valand-graduation.se\/en\/contact\/#breadcrumb","itemListElement":[{"@type":"ListItem","position":1,"name":"Hem","item":"https:\/\/2020.hdk-valand-graduation.se\/en\/"},{"@type":"ListItem","position":2,"name":"Contact"}]}]}},"_links":{"self":[{"href":"https:\/\/2020.hdk-valand-graduation.se\/en\/wp-json\/wp\/v2\/pages\/455"}],"collection":[{"href":"https:\/\/2020.hdk-valand-graduation.se\/en\/wp-json\/wp\/v2\/pages"}],"about":[{"href":"https:\/\/2020.hdk-valand-graduation.se\/en\/wp-json\/wp\/v2\/types\/page"}],"author":[{"embeddable":true,"href":"https:\/\/2020.hdk-valand-graduation.se\/en\/wp-json\/wp\/v2\/users\/1"}],"replies":[{"embeddable":true,"href":"https:\/\/2020.hdk-valand-graduation.se\/en\/wp-json\/wp\/v2\/comments?post=455"}],"version-history":[{"count":1,"href":"https:\/\/2020.hdk-valand-graduation.se\/en\/wp-json\/wp\/v2\/pages\/455\/revisions"}],"predecessor-version":[{"id":3229,"href":"https:\/\/2020.hdk-valand-graduation.se\/en\/wp-json\/wp\/v2\/pages\/455\/revisions\/3229"}],"wp:featuredmedia":[{"embeddable":true,"href":"https:\/\/2020.hdk-valand-graduation.se\/en\/wp-json\/wp\/v2\/media\/4021"}],"wp:attachment":[{"href":"https:\/\/2020.hdk-valand-graduation.se\/en\/wp-json\/wp\/v2\/media?parent=455"}],"curies":[{"name":"wp","href":"https:\/\/api.w.org\/{rel}","templated":true}]}}